{"id":835,"date":"2024-01-22T16:43:15","date_gmt":"2024-01-22T19:43:15","guid":{"rendered":"https:\/\/hinenicomercio.com.br\/?page_id=835"},"modified":"2024-03-04T17:50:02","modified_gmt":"2024-03-04T20:50:02","slug":"refrigeracao","status":"publish","type":"page","link":"https:\/\/hinenicomercio.com.br\/index.php\/refrigeracao\/","title":{"rendered":"Refrigera\u00e7\u00e3o"},"content":{"rendered":"\t\t<div data-elementor-type=\"wp-page\" data-elementor-id=\"835\" class=\"elementor elementor-835\" data-elementor-post-type=\"page\">\n\t\t\t\t<div class=\"elementor-element elementor-element-da6cc9f e-flex e-con-boxed e-con e-parent\" data-id=\"da6cc9f\" data-element_type=\"container\" data-e-type=\"container\">\n\t\t\t\t\t<div class=\"e-con-inner\">\n\t\t<div class=\"elementor-element elementor-element-2b278b5 e-flex e-con-boxed e-con e-child\" data-id=\"2b278b5\" data-element_type=\"container\" data-e-type=\"container\">\n\t\t\t\t\t<div class=\"e-con-inner\">\n\t\t\t\t<div class=\"elementor-element elementor-element-894d56b elementor-widget elementor-widget-heading\" data-id=\"894d56b\" data-element_type=\"widget\" data-e-type=\"widget\" data-widget_type=\"heading.default\">\n\t\t\t\t<div class=\"elementor-widget-container\">\n\t\t\t\t\t<h2 class=\"elementor-heading-title elementor-size-default\">Refrigera\u00e7\u00e3o<\/h2>\t\t\t\t<\/div>\n\t\t\t\t<\/div>\n\t\t\t\t\t<\/div>\n\t\t\t\t<\/div>\n\t\t\t\t\t<\/div>\n\t\t\t\t<\/div>\n\t\t<div class=\"elementor-element elementor-element-3db2b34 e-flex e-con-boxed e-con e-parent\" data-id=\"3db2b34\" data-element_type=\"container\" data-e-type=\"container\">\n\t\t\t\t\t<div class=\"e-con-inner\">\n\t\t<div class=\"elementor-element elementor-element-59638af e-flex e-con-boxed e-con e-child\" data-id=\"59638af\" data-element_type=\"container\" data-e-type=\"container\">\n\t\t\t\t\t<div class=\"e-con-inner\">\n\t\t<div class=\"elementor-element elementor-element-b9b3e4b e-flex e-con-boxed e-con e-child\" data-id=\"b9b3e4b\" data-element_type=\"container\" data-e-type=\"container\" data-settings=\"{&quot;background_background&quot;:&quot;classic&quot;}\">\n\t\t\t\t\t<div class=\"e-con-inner\">\n\t\t\t\t\t<\/div>\n\t\t\t\t<\/div>\n\t\t\t\t\t<\/div>\n\t\t\t\t<\/div>\n\t\t\t\t\t<\/div>\n\t\t\t\t<\/div>\n\t\t<div class=\"elementor-element elementor-element-fe3c979 e-flex e-con-boxed e-con e-parent\" data-id=\"fe3c979\" data-element_type=\"container\" data-e-type=\"container\">\n\t\t\t\t\t<div class=\"e-con-inner\">\n\t\t<div class=\"elementor-element elementor-element-b22a2d7 e-con-full e-flex e-con e-child\" data-id=\"b22a2d7\" data-element_type=\"container\" data-e-type=\"container\">\n\t\t\t\t<div class=\"elementor-element elementor-element-80c311d elementor-widget__width-initial elementor-widget-mobile__width-initial elementor-widget elementor-widget-heading\" data-id=\"80c311d\" data-element_type=\"widget\" data-e-type=\"widget\" data-widget_type=\"heading.default\">\n\t\t\t\t<div class=\"elementor-widget-container\">\n\t\t\t\t\t<h2 class=\"elementor-heading-title elementor-size-default\">Maximize a efici\u00eancia energ\u00e9tica nos sistemas de controle de temperatura para grandes unidades<\/h2>\t\t\t\t<\/div>\n\t\t\t\t<\/div>\n\t\t\t\t<\/div>\n\t\t<div class=\"elementor-element elementor-element-0db9b1b e-con-full e-flex e-con e-child\" data-id=\"0db9b1b\" data-element_type=\"container\" data-e-type=\"container\">\n\t\t\t\t<div class=\"elementor-element elementor-element-9a1d87d elementor-widget elementor-widget-text-editor\" data-id=\"9a1d87d\" data-element_type=\"widget\" data-e-type=\"widget\" data-widget_type=\"text-editor.default\">\n\t\t\t\t<div class=\"elementor-widget-container\">\n\t\t\t\t\t\t\t\t\t<p>Em parceria com a Carel, oferecemos solu\u00e7\u00f5es de ponta para otimizar o desempenho em racks de compressores, c\u00e2maras frigor\u00edficas e unidades de tratamento de ar. Nossas solu\u00e7\u00f5es s\u00e3o a escolha ideal para atender \u00e0s demandas de instala\u00e7\u00f5es de grande porte, proporcionando economia de energia significativa. Al\u00e9m disso, destacamos a flexibilidade e adaptabilidade de nossas solu\u00e7\u00f5es, que se ajustam perfeitamente \u00e0s necessidades de sistemas pequenos e m\u00e9dios. Controle tudo com precis\u00e3o atrav\u00e9s de nossos controladores param\u00e9tricos, garantindo efici\u00eancia e economia em cada opera\u00e7\u00e3o.<\/p>\t\t\t\t\t\t\t\t<\/div>\n\t\t\t\t<\/div>\n\t\t\t\t<\/div>\n\t\t\t\t\t<\/div>\n\t\t\t\t<\/div>\n\t\t<div class=\"elementor-element elementor-element-a3d3df3 e-flex e-con-boxed e-con e-parent\" data-id=\"a3d3df3\" data-element_type=\"container\" data-e-type=\"container\">\n\t\t\t\t\t<div class=\"e-con-inner\">\n\t\t\t\t<div class=\"elementor-element elementor-element-aaa953f elementor-widget elementor-widget-heading\" data-id=\"aaa953f\" data-element_type=\"widget\" data-e-type=\"widget\" data-widget_type=\"heading.default\">\n\t\t\t\t<div class=\"elementor-widget-container\">\n\t\t\t\t\t<h2 class=\"elementor-heading-title elementor-size-default\">Nossos produtos<\/h2>\t\t\t\t<\/div>\n\t\t\t\t<\/div>\n\t\t\t\t<div class=\"elementor-element elementor-element-accd744 elementor-widget-divider--view-line elementor-widget elementor-widget-divider\" data-id=\"accd744\" data-element_type=\"widget\" data-e-type=\"widget\" data-widget_type=\"divider.default\">\n\t\t\t\t<div class=\"elementor-widget-container\">\n\t\t\t\t\t\t\t<div class=\"elementor-divider\">\n\t\t\t<span class=\"elementor-divider-separator\">\n\t\t\t\t\t\t<\/span>\n\t\t<\/div>\n\t\t\t\t\t\t<\/div>\n\t\t\t\t<\/div>\n\t\t\t\t<div class=\"elementor-element elementor-element-0b436d8 elementor-grid-4 elementor-grid-tablet-2 elementor-grid-mobile-1 elementor-posts--thumbnail-top elementor-posts__hover-gradient elementor-widget elementor-widget-posts\" data-id=\"0b436d8\" data-element_type=\"widget\" data-e-type=\"widget\" data-settings=\"{&quot;cards_columns&quot;:&quot;4&quot;,&quot;cards_row_gap&quot;:{&quot;unit&quot;:&quot;px&quot;,&quot;size&quot;:45,&quot;sizes&quot;:[]},&quot;pagination_type&quot;:&quot;prev_next&quot;,&quot;cards_columns_tablet&quot;:&quot;2&quot;,&quot;cards_columns_mobile&quot;:&quot;1&quot;,&quot;cards_row_gap_tablet&quot;:{&quot;unit&quot;:&quot;px&quot;,&quot;size&quot;:&quot;&quot;,&quot;sizes&quot;:[]},&quot;cards_row_gap_mobile&quot;:{&quot;unit&quot;:&quot;px&quot;,&quot;size&quot;:&quot;&quot;,&quot;sizes&quot;:[]}}\" data-widget_type=\"posts.cards\">\n\t\t\t\t<div class=\"elementor-widget-container\">\n\t\t\t\t\t\t\t<div class=\"elementor-posts-container elementor-posts elementor-posts--skin-cards elementor-grid\" role=\"list\">\r\n\t\t\t\t<article class=\"elementor-post elementor-grid-item post-647 post type-post status-publish format-standard has-post-thumbnail hentry category-blog category-refrigeracao tag-carel\" role=\"listitem\">\r\n\t\t\t<div class=\"elementor-post__card\">\r\n\t\t\t\t<a class=\"elementor-post__thumbnail__link\" href=\"https:\/\/hinenicomercio.com.br\/index.php\/2024\/01\/15\/display-lcd-ihm\/\" tabindex=\"-1\" ><div class=\"elementor-post__thumbnail\"><img fetchpriority=\"high\" decoding=\"async\" width=\"300\" height=\"300\" src=\"https:\/\/hinenicomercio.com.br\/wp-content\/uploads\/2024\/01\/24-300x300.png\" class=\"attachment-medium size-medium wp-image-648\" alt=\"\" srcset=\"https:\/\/hinenicomercio.com.br\/wp-content\/uploads\/2024\/01\/24-300x300.png 300w, https:\/\/hinenicomercio.com.br\/wp-content\/uploads\/2024\/01\/24-150x150.png 150w, https:\/\/hinenicomercio.com.br\/wp-content\/uploads\/2024\/01\/24.png 500w\" sizes=\"(max-width: 300px) 100vw, 300px\" \/><\/div><\/a>\r\n\t\t\t\t<div class=\"elementor-post__badge\">Carel<\/div>\r\n\t\t\t\t<div class=\"elementor-post__text\">\r\n\t\t\t\t<h3 class=\"elementor-post__title\">\r\n\t\t\t<a href=\"https:\/\/hinenicomercio.com.br\/index.php\/2024\/01\/15\/display-lcd-ihm\/\" >\r\n\t\t\t\tDisplay LCD (IHM)\t\t\t<\/a>\r\n\t\t<\/h3>\r\n\t\t\t\t<div class=\"elementor-post__excerpt\">\r\n\t\t\t<p>ATA4001AD0<\/p>\n\t\t<\/div>\r\n\t\t\t\t\t<div class=\"elementor-post__read-more-wrapper\">\r\n\t\t\r\n\t\t<a class=\"elementor-post__read-more\" href=\"https:\/\/hinenicomercio.com.br\/index.php\/2024\/01\/15\/display-lcd-ihm\/\" aria-label=\"Read more about Display LCD (IHM)\" tabindex=\"-1\" >\r\n\t\t\tMais\t\t<\/a>\r\n\r\n\t\t\t\t\t<\/div>\r\n\t\t\t\t<\/div>\r\n\t\t\t\t\t<\/div>\r\n\t\t<\/article>\r\n\t\t\t\t<article class=\"elementor-post elementor-grid-item post-644 post type-post status-publish format-standard has-post-thumbnail hentry category-blog category-refrigeracao tag-carel\" role=\"listitem\">\r\n\t\t\t<div class=\"elementor-post__card\">\r\n\t\t\t\t<a class=\"elementor-post__thumbnail__link\" href=\"https:\/\/hinenicomercio.com.br\/index.php\/2024\/01\/15\/sensor-de-temperatura-tipo-ntc-hp\/\" tabindex=\"-1\" ><div class=\"elementor-post__thumbnail\"><img decoding=\"async\" width=\"300\" height=\"300\" src=\"https:\/\/hinenicomercio.com.br\/wp-content\/uploads\/2024\/01\/23-300x300.png\" class=\"attachment-medium size-medium wp-image-645\" alt=\"\" srcset=\"https:\/\/hinenicomercio.com.br\/wp-content\/uploads\/2024\/01\/23-300x300.png 300w, https:\/\/hinenicomercio.com.br\/wp-content\/uploads\/2024\/01\/23-150x150.png 150w, https:\/\/hinenicomercio.com.br\/wp-content\/uploads\/2024\/01\/23.png 500w\" sizes=\"(max-width: 300px) 100vw, 300px\" \/><\/div><\/a>\r\n\t\t\t\t<div class=\"elementor-post__badge\">Carel<\/div>\r\n\t\t\t\t<div class=\"elementor-post__text\">\r\n\t\t\t\t<h3 class=\"elementor-post__title\">\r\n\t\t\t<a href=\"https:\/\/hinenicomercio.com.br\/index.php\/2024\/01\/15\/sensor-de-temperatura-tipo-ntc-hp\/\" >\r\n\t\t\t\tSensor de Temperatura Tipo NTC HP\t\t\t<\/a>\r\n\t\t<\/h3>\r\n\t\t\t\t<div class=\"elementor-post__excerpt\">\r\n\t\t\t<p>NTC015HP00<\/p>\n\t\t<\/div>\r\n\t\t\t\t\t<div class=\"elementor-post__read-more-wrapper\">\r\n\t\t\r\n\t\t<a class=\"elementor-post__read-more\" href=\"https:\/\/hinenicomercio.com.br\/index.php\/2024\/01\/15\/sensor-de-temperatura-tipo-ntc-hp\/\" aria-label=\"Read more about Sensor de Temperatura Tipo NTC HP\" tabindex=\"-1\" >\r\n\t\t\tMais\t\t<\/a>\r\n\r\n\t\t\t\t\t<\/div>\r\n\t\t\t\t<\/div>\r\n\t\t\t\t\t<\/div>\r\n\t\t<\/article>\r\n\t\t\t\t<article class=\"elementor-post elementor-grid-item post-641 post type-post status-publish format-standard has-post-thumbnail hentry category-blog category-refrigeracao tag-carel\" role=\"listitem\">\r\n\t\t\t<div class=\"elementor-post__card\">\r\n\t\t\t\t<a class=\"elementor-post__thumbnail__link\" href=\"https:\/\/hinenicomercio.com.br\/index.php\/2024\/01\/15\/controlador-eletronico-de-temperatura-2\/\" tabindex=\"-1\" ><div class=\"elementor-post__thumbnail\"><img decoding=\"async\" width=\"300\" height=\"300\" src=\"https:\/\/hinenicomercio.com.br\/wp-content\/uploads\/2024\/01\/22-300x300.png\" class=\"attachment-medium size-medium wp-image-642\" alt=\"\" srcset=\"https:\/\/hinenicomercio.com.br\/wp-content\/uploads\/2024\/01\/22-300x300.png 300w, https:\/\/hinenicomercio.com.br\/wp-content\/uploads\/2024\/01\/22-150x150.png 150w, https:\/\/hinenicomercio.com.br\/wp-content\/uploads\/2024\/01\/22.png 500w\" sizes=\"(max-width: 300px) 100vw, 300px\" \/><\/div><\/a>\r\n\t\t\t\t<div class=\"elementor-post__badge\">Carel<\/div>\r\n\t\t\t\t<div class=\"elementor-post__text\">\r\n\t\t\t\t<h3 class=\"elementor-post__title\">\r\n\t\t\t<a href=\"https:\/\/hinenicomercio.com.br\/index.php\/2024\/01\/15\/controlador-eletronico-de-temperatura-2\/\" >\r\n\t\t\t\tControlador Eletr\u00f4nico de Temperatura\t\t\t<\/a>\r\n\t\t<\/h3>\r\n\t\t\t\t<div class=\"elementor-post__excerpt\">\r\n\t\t\t<p>PJEZC00000<\/p>\n\t\t<\/div>\r\n\t\t\t\t\t<div class=\"elementor-post__read-more-wrapper\">\r\n\t\t\r\n\t\t<a class=\"elementor-post__read-more\" href=\"https:\/\/hinenicomercio.com.br\/index.php\/2024\/01\/15\/controlador-eletronico-de-temperatura-2\/\" aria-label=\"Read more about Controlador Eletr\u00f4nico de Temperatura\" tabindex=\"-1\" >\r\n\t\t\tMais\t\t<\/a>\r\n\r\n\t\t\t\t\t<\/div>\r\n\t\t\t\t<\/div>\r\n\t\t\t\t\t<\/div>\r\n\t\t<\/article>\r\n\t\t\t\t<article class=\"elementor-post elementor-grid-item post-638 post type-post status-publish format-standard has-post-thumbnail hentry category-blog category-refrigeracao tag-carel\" role=\"listitem\">\r\n\t\t\t<div class=\"elementor-post__card\">\r\n\t\t\t\t<a class=\"elementor-post__thumbnail__link\" href=\"https:\/\/hinenicomercio.com.br\/index.php\/2024\/01\/15\/controlador-eletronico-de-temperatura\/\" tabindex=\"-1\" ><div class=\"elementor-post__thumbnail\"><img loading=\"lazy\" decoding=\"async\" width=\"300\" height=\"300\" src=\"https:\/\/hinenicomercio.com.br\/wp-content\/uploads\/2024\/01\/21-300x300.png\" class=\"attachment-medium size-medium wp-image-639\" alt=\"\" srcset=\"https:\/\/hinenicomercio.com.br\/wp-content\/uploads\/2024\/01\/21-300x300.png 300w, https:\/\/hinenicomercio.com.br\/wp-content\/uploads\/2024\/01\/21-150x150.png 150w, https:\/\/hinenicomercio.com.br\/wp-content\/uploads\/2024\/01\/21.png 500w\" sizes=\"(max-width: 300px) 100vw, 300px\" \/><\/div><\/a>\r\n\t\t\t\t<div class=\"elementor-post__badge\">Carel<\/div>\r\n\t\t\t\t<div class=\"elementor-post__text\">\r\n\t\t\t\t<h3 class=\"elementor-post__title\">\r\n\t\t\t<a href=\"https:\/\/hinenicomercio.com.br\/index.php\/2024\/01\/15\/controlador-eletronico-de-temperatura\/\" >\r\n\t\t\t\tControlador Eletr\u00f4nico de Temperatura\t\t\t<\/a>\r\n\t\t<\/h3>\r\n\t\t\t\t<div class=\"elementor-post__excerpt\">\r\n\t\t\t<p>PJEZS00000<\/p>\n\t\t<\/div>\r\n\t\t\t\t\t<div class=\"elementor-post__read-more-wrapper\">\r\n\t\t\r\n\t\t<a class=\"elementor-post__read-more\" href=\"https:\/\/hinenicomercio.com.br\/index.php\/2024\/01\/15\/controlador-eletronico-de-temperatura\/\" aria-label=\"Read more about Controlador Eletr\u00f4nico de Temperatura\" tabindex=\"-1\" >\r\n\t\t\tMais\t\t<\/a>\r\n\r\n\t\t\t\t\t<\/div>\r\n\t\t\t\t<\/div>\r\n\t\t\t\t\t<\/div>\r\n\t\t<\/article>\r\n\t\t\t\t<article class=\"elementor-post elementor-grid-item post-635 post type-post status-publish format-standard has-post-thumbnail hentry category-blog category-refrigeracao tag-carel\" role=\"listitem\">\r\n\t\t\t<div class=\"elementor-post__card\">\r\n\t\t\t\t<a class=\"elementor-post__thumbnail__link\" href=\"https:\/\/hinenicomercio.com.br\/index.php\/2024\/01\/15\/cabo-telefonico-chato-flexivel\/\" tabindex=\"-1\" ><div class=\"elementor-post__thumbnail\"><img loading=\"lazy\" decoding=\"async\" width=\"300\" height=\"300\" src=\"https:\/\/hinenicomercio.com.br\/wp-content\/uploads\/2024\/01\/20-300x300.png\" class=\"attachment-medium size-medium wp-image-636\" alt=\"\" srcset=\"https:\/\/hinenicomercio.com.br\/wp-content\/uploads\/2024\/01\/20-300x300.png 300w, https:\/\/hinenicomercio.com.br\/wp-content\/uploads\/2024\/01\/20-150x150.png 150w, https:\/\/hinenicomercio.com.br\/wp-content\/uploads\/2024\/01\/20.png 500w\" sizes=\"(max-width: 300px) 100vw, 300px\" \/><\/div><\/a>\r\n\t\t\t\t<div class=\"elementor-post__badge\">Carel<\/div>\r\n\t\t\t\t<div class=\"elementor-post__text\">\r\n\t\t\t\t<h3 class=\"elementor-post__title\">\r\n\t\t\t<a href=\"https:\/\/hinenicomercio.com.br\/index.php\/2024\/01\/15\/cabo-telefonico-chato-flexivel\/\" >\r\n\t\t\t\tCabo Telef\u00f4nico Chato Flex\u00edvel\t\t\t<\/a>\r\n\t\t<\/h3>\r\n\t\t\t\t<div class=\"elementor-post__excerpt\">\r\n\t\t\t<p>S90CONN000<\/p>\n\t\t<\/div>\r\n\t\t\t\t\t<div class=\"elementor-post__read-more-wrapper\">\r\n\t\t\r\n\t\t<a class=\"elementor-post__read-more\" href=\"https:\/\/hinenicomercio.com.br\/index.php\/2024\/01\/15\/cabo-telefonico-chato-flexivel\/\" aria-label=\"Read more about Cabo Telef\u00f4nico Chato Flex\u00edvel\" tabindex=\"-1\" >\r\n\t\t\tMais\t\t<\/a>\r\n\r\n\t\t\t\t\t<\/div>\r\n\t\t\t\t<\/div>\r\n\t\t\t\t\t<\/div>\r\n\t\t<\/article>\r\n\t\t\t\t<article class=\"elementor-post elementor-grid-item post-632 post type-post status-publish format-standard has-post-thumbnail hentry category-blog category-refrigeracao tag-carel\" role=\"listitem\">\r\n\t\t\t<div class=\"elementor-post__card\">\r\n\t\t\t\t<a class=\"elementor-post__thumbnail__link\" href=\"https:\/\/hinenicomercio.com.br\/index.php\/2024\/01\/14\/painel-lcd-ihm\/\" tabindex=\"-1\" ><div class=\"elementor-post__thumbnail\"><img loading=\"lazy\" decoding=\"async\" width=\"300\" height=\"300\" src=\"https:\/\/hinenicomercio.com.br\/wp-content\/uploads\/2024\/01\/19-300x300.png\" class=\"attachment-medium size-medium wp-image-633\" alt=\"\" srcset=\"https:\/\/hinenicomercio.com.br\/wp-content\/uploads\/2024\/01\/19-300x300.png 300w, https:\/\/hinenicomercio.com.br\/wp-content\/uploads\/2024\/01\/19-150x150.png 150w, https:\/\/hinenicomercio.com.br\/wp-content\/uploads\/2024\/01\/19.png 500w\" sizes=\"(max-width: 300px) 100vw, 300px\" \/><\/div><\/a>\r\n\t\t\t\t<div class=\"elementor-post__badge\">Carel<\/div>\r\n\t\t\t\t<div class=\"elementor-post__text\">\r\n\t\t\t\t<h3 class=\"elementor-post__title\">\r\n\t\t\t<a href=\"https:\/\/hinenicomercio.com.br\/index.php\/2024\/01\/14\/painel-lcd-ihm\/\" >\r\n\t\t\t\tPainel LCD (IHM)\t\t\t<\/a>\r\n\t\t<\/h3>\r\n\t\t\t\t<div class=\"elementor-post__excerpt\">\r\n\t\t\t<p>PGD1000FW0<\/p>\n\t\t<\/div>\r\n\t\t\t\t\t<div class=\"elementor-post__read-more-wrapper\">\r\n\t\t\r\n\t\t<a class=\"elementor-post__read-more\" href=\"https:\/\/hinenicomercio.com.br\/index.php\/2024\/01\/14\/painel-lcd-ihm\/\" aria-label=\"Read more about Painel LCD (IHM)\" tabindex=\"-1\" >\r\n\t\t\tMais\t\t<\/a>\r\n\r\n\t\t\t\t\t<\/div>\r\n\t\t\t\t<\/div>\r\n\t\t\t\t\t<\/div>\r\n\t\t<\/article>\r\n\t\t\t\t<article class=\"elementor-post elementor-grid-item post-629 post type-post status-publish format-standard has-post-thumbnail hentry category-blog category-refrigeracao tag-carel\" role=\"listitem\">\r\n\t\t\t<div class=\"elementor-post__card\">\r\n\t\t\t\t<a class=\"elementor-post__thumbnail__link\" href=\"https:\/\/hinenicomercio.com.br\/index.php\/2024\/01\/14\/cabo-vulcanizado-3-fios\/\" tabindex=\"-1\" ><div class=\"elementor-post__thumbnail\"><img loading=\"lazy\" decoding=\"async\" width=\"300\" height=\"300\" src=\"https:\/\/hinenicomercio.com.br\/wp-content\/uploads\/2024\/01\/18-300x300.png\" class=\"attachment-medium size-medium wp-image-630\" alt=\"\" srcset=\"https:\/\/hinenicomercio.com.br\/wp-content\/uploads\/2024\/01\/18-300x300.png 300w, https:\/\/hinenicomercio.com.br\/wp-content\/uploads\/2024\/01\/18-150x150.png 150w, https:\/\/hinenicomercio.com.br\/wp-content\/uploads\/2024\/01\/18.png 500w\" sizes=\"(max-width: 300px) 100vw, 300px\" \/><\/div><\/a>\r\n\t\t\t\t<div class=\"elementor-post__badge\">Carel<\/div>\r\n\t\t\t\t<div class=\"elementor-post__text\">\r\n\t\t\t\t<h3 class=\"elementor-post__title\">\r\n\t\t\t<a href=\"https:\/\/hinenicomercio.com.br\/index.php\/2024\/01\/14\/cabo-vulcanizado-3-fios\/\" >\r\n\t\t\t\tCabo Vulcanizado 3 Fios\t\t\t<\/a>\r\n\t\t<\/h3>\r\n\t\t\t\t<div class=\"elementor-post__excerpt\">\r\n\t\t\t<p>SPKC002310<\/p>\n\t\t<\/div>\r\n\t\t\t\t\t<div class=\"elementor-post__read-more-wrapper\">\r\n\t\t\r\n\t\t<a class=\"elementor-post__read-more\" href=\"https:\/\/hinenicomercio.com.br\/index.php\/2024\/01\/14\/cabo-vulcanizado-3-fios\/\" aria-label=\"Read more about Cabo Vulcanizado 3 Fios\" tabindex=\"-1\" >\r\n\t\t\tMais\t\t<\/a>\r\n\r\n\t\t\t\t\t<\/div>\r\n\t\t\t\t<\/div>\r\n\t\t\t\t\t<\/div>\r\n\t\t<\/article>\r\n\t\t\t\t<article class=\"elementor-post elementor-grid-item post-626 post type-post status-publish format-standard has-post-thumbnail hentry category-blog category-refrigeracao tag-carel\" role=\"listitem\">\r\n\t\t\t<div class=\"elementor-post__card\">\r\n\t\t\t\t<a class=\"elementor-post__thumbnail__link\" href=\"https:\/\/hinenicomercio.com.br\/index.php\/2024\/01\/14\/transdutor-de-pressao-ratiometrico-spkt-2\/\" tabindex=\"-1\" ><div class=\"elementor-post__thumbnail\"><img loading=\"lazy\" decoding=\"async\" width=\"300\" height=\"300\" src=\"https:\/\/hinenicomercio.com.br\/wp-content\/uploads\/2024\/01\/17-300x300.png\" class=\"attachment-medium size-medium wp-image-627\" alt=\"\" srcset=\"https:\/\/hinenicomercio.com.br\/wp-content\/uploads\/2024\/01\/17-300x300.png 300w, https:\/\/hinenicomercio.com.br\/wp-content\/uploads\/2024\/01\/17-150x150.png 150w, https:\/\/hinenicomercio.com.br\/wp-content\/uploads\/2024\/01\/17.png 500w\" sizes=\"(max-width: 300px) 100vw, 300px\" \/><\/div><\/a>\r\n\t\t\t\t<div class=\"elementor-post__badge\">Carel<\/div>\r\n\t\t\t\t<div class=\"elementor-post__text\">\r\n\t\t\t\t<h3 class=\"elementor-post__title\">\r\n\t\t\t<a href=\"https:\/\/hinenicomercio.com.br\/index.php\/2024\/01\/14\/transdutor-de-pressao-ratiometrico-spkt-2\/\" >\r\n\t\t\t\tTransdutor de Press\u00e3o Ratiom\u00e9trico SPKT\t\t\t<\/a>\r\n\t\t<\/h3>\r\n\t\t\t\t<div class=\"elementor-post__excerpt\">\r\n\t\t\t<p>SPKT00F3P0<\/p>\n\t\t<\/div>\r\n\t\t\t\t\t<div class=\"elementor-post__read-more-wrapper\">\r\n\t\t\r\n\t\t<a class=\"elementor-post__read-more\" href=\"https:\/\/hinenicomercio.com.br\/index.php\/2024\/01\/14\/transdutor-de-pressao-ratiometrico-spkt-2\/\" aria-label=\"Read more about Transdutor de Press\u00e3o Ratiom\u00e9trico SPKT\" tabindex=\"-1\" >\r\n\t\t\tMais\t\t<\/a>\r\n\r\n\t\t\t\t\t<\/div>\r\n\t\t\t\t<\/div>\r\n\t\t\t\t\t<\/div>\r\n\t\t<\/article>\r\n\t\t\t\t<\/div>\r\n\t\t\r\n\t\t\t\t<div class=\"e-load-more-anchor\" data-page=\"1\" data-max-page=\"2\" data-next-page=\"https:\/\/hinenicomercio.com.br\/index.php\/wp-json\/wp\/v2\/pages\/835\/page\/2\/\"><\/div>\r\n\t\t\t\t<nav class=\"elementor-pagination\" aria-label=\"Pagination\">\r\n\t\t\t<span class=\"page-numbers prev\">Anterior<\/span>\n<a class=\"page-numbers next\" href=\"https:\/\/hinenicomercio.com.br\/index.php\/wp-json\/wp\/v2\/pages\/835\/page\/2\/\">Pr\u00f3ximo<\/a>\t\t<\/nav>\r\n\t\t\t\t\t\t<\/div>\n\t\t\t\t<\/div>\n\t\t\t\t\t<\/div>\n\t\t\t\t<\/div>\n\t\t<div class=\"elementor-element elementor-element-41e88a14 e-flex e-con-boxed e-con e-parent\" data-id=\"41e88a14\" data-element_type=\"container\" data-e-type=\"container\" data-settings=\"{&quot;background_background&quot;:&quot;classic&quot;}\">\n\t\t\t\t\t<div class=\"e-con-inner\">\n\t\t<div class=\"elementor-element elementor-element-701a8d22 e-con-full e-flex e-con e-child\" data-id=\"701a8d22\" data-element_type=\"container\" data-e-type=\"container\">\n\t\t\t\t<div class=\"elementor-element elementor-element-7a2e2895 elementor-widget elementor-widget-heading\" data-id=\"7a2e2895\" data-element_type=\"widget\" data-e-type=\"widget\" data-widget_type=\"heading.default\">\n\t\t\t\t<div class=\"elementor-widget-container\">\n\t\t\t\t\t<h2 class=\"elementor-heading-title elementor-size-default\">Inscrever-se<\/h2>\t\t\t\t<\/div>\n\t\t\t\t<\/div>\n\t\t\t\t<div class=\"elementor-element elementor-element-7391735f elementor-widget elementor-widget-text-editor\" data-id=\"7391735f\" data-element_type=\"widget\" data-e-type=\"widget\" data-widget_type=\"text-editor.default\">\n\t\t\t\t<div class=\"elementor-widget-container\">\n\t\t\t\t\t\t\t\t\t<p>Tenha acesso antecipado aos mais recentes lan\u00e7amentos de produtos, tecnologias de ponta e solu\u00e7\u00f5es personalizadas.<\/p>\t\t\t\t\t\t\t\t<\/div>\n\t\t\t\t<\/div>\n\t\t\t\t<div class=\"elementor-element elementor-element-3cc435d0 elementor-button-align-stretch elementor-widget elementor-widget-form\" data-id=\"3cc435d0\" data-element_type=\"widget\" data-e-type=\"widget\" data-settings=\"{&quot;step_next_label&quot;:&quot;Next&quot;,&quot;step_previous_label&quot;:&quot;Previous&quot;,&quot;button_width&quot;:&quot;100&quot;,&quot;step_type&quot;:&quot;number_text&quot;,&quot;step_icon_shape&quot;:&quot;circle&quot;}\" data-widget_type=\"form.default\">\n\t\t\t\t<div class=\"elementor-widget-container\">\n\t\t\t\t\t\t\t<form class=\"elementor-form\" method=\"post\" name=\"CTA\" aria-label=\"CTA\">\r\n\t\t\t<input type=\"hidden\" name=\"post_id\" value=\"835\"\/>\r\n\t\t\t<input type=\"hidden\" name=\"form_id\" value=\"3cc435d0\"\/>\r\n\t\t\t<input type=\"hidden\" name=\"referer_title\" value=\"Refrigera\u00e7\u00e3o\" \/>\r\n\r\n\t\t\t\t\t\t\t<input type=\"hidden\" name=\"queried_id\" value=\"835\"\/>\r\n\t\t\t\r\n\t\t\t<div class=\"elementor-form-fields-wrapper elementor-labels-above\">\r\n\t\t\t\t\t\t\t\t<div class=\"elementor-field-type-email elementor-field-group elementor-column elementor-field-group-email elementor-col-100 elementor-field-required\">\r\n\t\t\t\t\t\t\t\t\t\t\t\t<label for=\"form-field-email\" class=\"elementor-field-label\">\r\n\t\t\t\t\t\t\t\tEmail\t\t\t\t\t\t\t<\/label>\r\n\t\t\t\t\t\t\t\t\t\t\t\t\t\t<input size=\"1\" type=\"email\" name=\"form_fields[email]\" id=\"form-field-email\" class=\"elementor-field elementor-size-sm  elementor-field-textual\" placeholder=\"Email\" required=\"required\">\r\n\t\t\t\t\t\t\t\t\t\t\t<\/div>\r\n\t\t\t\t\t\t\t\t<div class=\"elementor-field-group elementor-column elementor-field-type-submit elementor-col-100 e-form__buttons\">\r\n\t\t\t\t\t<button class=\"elementor-button elementor-size-sm\" type=\"submit\">\r\n\t\t\t\t\t\t<span class=\"elementor-button-content-wrapper\">\r\n\t\t\t\t\t\t\t\t\t\t\t\t\t\t\t\t\t\t\t\t\t\t<span class=\"elementor-button-text\">Inscreva-se agora<\/span>\r\n\t\t\t\t\t\t\t\t\t\t\t\t\t<\/span>\r\n\t\t\t\t\t<\/button>\r\n\t\t\t\t<\/div>\r\n\t\t\t<\/div>\r\n\t\t<\/form>\r\n\t\t\t\t\t\t<\/div>\n\t\t\t\t<\/div>\n\t\t\t\t<\/div>\n\t\t<div class=\"elementor-element elementor-element-ac3dee e-con-full e-flex e-con e-child\" data-id=\"ac3dee\" data-element_type=\"container\" data-e-type=\"container\">\n\t\t\t\t<\/div>\n\t\t\t\t\t<\/div>\n\t\t\t\t<\/div>\n\t\t\t\t<\/div>\n\t\t","protected":false},"excerpt":{"rendered":"<p>Refrigera\u00e7\u00e3o Maximize a efici\u00eancia energ\u00e9tica nos sistemas de controle de temperatura para grandes unidades Em parceria com a Carel, oferecemos solu\u00e7\u00f5es de ponta para otimizar o desempenho em racks de compressores, c\u00e2maras frigor\u00edficas e unidades de tratamento de ar. Nossas solu\u00e7\u00f5es s\u00e3o a escolha ideal para atender \u00e0s demandas de instala\u00e7\u00f5es de grande porte, proporcionando [&hellip;]<\/p>\n","protected":false},"author":1,"featured_media":0,"parent":0,"menu_order":0,"comment_status":"closed","ping_status":"closed","template":"","meta":{"footnotes":""},"class_list":["post-835","page","type-page","status-publish","hentry"],"_links":{"self":[{"href":"https:\/\/hinenicomercio.com.br\/index.php\/wp-json\/wp\/v2\/pages\/835","targetHints":{"allow":["GET"]}}],"collection":[{"href":"https:\/\/hinenicomercio.com.br\/index.php\/wp-json\/wp\/v2\/pages"}],"about":[{"href":"https:\/\/hinenicomercio.com.br\/index.php\/wp-json\/wp\/v2\/types\/page"}],"author":[{"embeddable":true,"href":"https:\/\/hinenicomercio.com.br\/index.php\/wp-json\/wp\/v2\/users\/1"}],"replies":[{"embeddable":true,"href":"https:\/\/hinenicomercio.com.br\/index.php\/wp-json\/wp\/v2\/comments?post=835"}],"version-history":[{"count":15,"href":"https:\/\/hinenicomercio.com.br\/index.php\/wp-json\/wp\/v2\/pages\/835\/revisions"}],"predecessor-version":[{"id":1212,"href":"https:\/\/hinenicomercio.com.br\/index.php\/wp-json\/wp\/v2\/pages\/835\/revisions\/1212"}],"wp:attachment":[{"href":"https:\/\/hinenicomercio.com.br\/index.php\/wp-json\/wp\/v2\/media?parent=835"}],"curies":[{"name":"wp","href":"https:\/\/api.w.org\/{rel}","templated":true}]}}